{"id":1483,"date":"2015-06-26T15:06:34","date_gmt":"2015-06-26T13:06:34","guid":{"rendered":"http:\/\/www.europanovafestival.eu?page_id=1483"},"modified":"2017-09-01T15:07:53","modified_gmt":"2017-09-01T13:07:53","slug":"programul-2015","status":"publish","type":"page","link":"https:\/\/www.europanovafestival.eu\/ro\/programul-2015\/","title":{"rendered":"Programul 2015"},"content":{"rendered":"<h1>Mercredi 23 septembre \u2013 Soir\u00e9e d\u2019ouverture du Festival<\/h1>\n<div class=\"enf-event\">\n<h2>18h 30 Ouverture du Festival<\/h2>\n<p align=\"RIGHT\">EuropaNova asbl,<br \/>\nClos du Parnasse 11E, 1050 Bruxelles.<br \/>\nEntr\u00e9e libre<\/p>\n<p>En pr\u00e9sence de S.E. M. Veselin VALKANOV, Ambassadeur de Bulgarie, de S.E. M. \u015etefan TINCA, Ambassadeur de Roumanie en Belgique, de S.E. M Veaceslav IATCO, Charg\u00e9 d&#8217;affaires de la R\u00e9publique de Moldavie en Belgique &amp; Mme Carmen DUCARU directrice adjointe de l\u2019Institut culturel roumain Bruxelles.<\/p>\n<p>Discours officiels. Pr\u00e9sentation du programme du Festival EuropaNova 3e \u00e9dition. Foire aux livres avec remise exceptionnelle de 25% sur les prix de vente.<\/p>\n<\/div>\n<div class=\"enf-event\">\n<h2>19h 30 Projection du film bulgare: Lettre pour l&#8217;Am\u00e9rique (Pismo do Amerika), 99&#8242;, 2001 (sous-titr\u00e9 EN)<\/h2>\n<p align=\"RIGHT\"><a href=\"http:\/\/www.europanovafestival.eu\/wp-content\/uploads\/2015\/06\/c16a39323b6a282a70a0720cba5cb2111902ea71.jpg\" class=\"light\"><img loading=\"lazy\" decoding=\"async\" class=\"alignleft wp-image-712\" src=\"http:\/\/www.europanovafestival.eu\/wp-content\/uploads\/2015\/06\/c16a39323b6a282a70a0720cba5cb2111902ea71-228x300.jpg\" alt=\"Letter to America\" width=\"152\" height=\"200\" srcset=\"https:\/\/www.europanovafestival.eu\/wp-content\/uploads\/2015\/06\/c16a39323b6a282a70a0720cba5cb2111902ea71-228x300.jpg 228w, https:\/\/www.europanovafestival.eu\/wp-content\/uploads\/2015\/06\/c16a39323b6a282a70a0720cba5cb2111902ea71.jpg 238w\" sizes=\"auto, (max-width: 152px) 100vw, 152px\" \/><\/a>EuropaNova asbl,<br \/>\nClos du Parnasse 11E, 1050 Bruxelles.<br \/>\nEntr\u00e9e libre<\/p>\n<p>Invit\u00e9 sp\u00e9cial du festival Iglika\u00a0TRIFFONOVA r\u00e9alisateur du film &#8220;Pismo do Amerika&#8221;.<br \/>\nCocktail offert par les Ambassades de Bulgarie et de Roumanie.<\/p>\n<\/div>\n<h1>Jeudi 24 septembre<\/h1>\n<div class=\"enf-event\">\n<h2>12h 00 &#8211; 14h 00 Conf\u00e9rence : &#8220;D\u00e9veloppement du tourisme rural et culturel, enjeux et opportunit\u00e9s&#8221;<\/h2>\n<p align=\"RIGHT\">Parlement europ\u00e9en,<br \/>\nRue Wiertz 60, 1047 Bruxelles.<br \/>\nCartes d\u2019acc\u00e8s obligatoires.<br \/>\nInscription pr\u00e9alable : info@europanova.be<\/p>\n<p>L&#8217;eurod\u00e9put\u00e9e roumaine Ana-Claudia \u021aAPARDEL pr\u00e9sentera les enjeux de ce type de tourisme de plus en plus pris\u00e9 \u00e0 l\u2019heure actuelle. D\u00e9bat et projection de films documentaires r\u00e9alis\u00e9s en Roumanie pendant ce type de voyage par EuropaNova asbl &amp; Promenada-Culturala Bucarest.<\/p>\n<\/div>\n<div class=\"enf-event\">\n<h2>19h 00 &#8211; 21h 00 Soir\u00e9e litt\u00e9raire roumaine<\/h2>\n<p align=\"RIGHT\">EuropaNova asbl,<br \/>\nClos du Parnasse 11E, 1050 Bruxelles.<br \/>\nEntr\u00e9e 5,00 euros (ou abonnement)<\/p>\n<h2>Pr\u00e9sentation par le po\u00e8te Octavian BLAGA de son dernier ouvrage &#8220;Europa descul\u021b&#8221; (&#8220;A travers l&#8217;Europe, pieds nus&#8221;). Mod\u00e9rateur\u00a0: Andrei CORESCU.<\/h2>\n<h2>\nPr\u00e9sentation par Mariano MART\u00cdN RODR\u00cdGUEZ &amp; Anita N. BERNACCHIA du projet TRAutor &#8211; revue et plate-forme de traductions litt\u00e9raires du roumain.<\/h2>\n<p>TRAutor est un projet culturel innovateur (de l\u2019Institut Culturel Roumain de Bruxelles) tant pour ce qui est de la forme que du contenu: \u00e0 la fois vitrine pour les traductions litt\u00e9raires, plateforme de dialogue et dispositif virtuel de consolidation de la communaut\u00e9 internationale de traducteurs. En pr\u00e9sence de M. Catalin HRISCA, charg\u00e9 du projet de l&#8217;ICR Bruxelles.<\/p>\n<h2>Vasile ERNU<\/h2>\n<p><a href=\"http:\/\/www.europanovafestival.eu\/wp-content\/uploads\/2015\/06\/Sectantii-EGOgrafii-a-196x300.jpg\" class=\"light\"><img loading=\"lazy\" decoding=\"async\" class=\"alignright wp-image-707\" src=\"http:\/\/www.europanovafestival.eu\/wp-content\/uploads\/2015\/06\/Sectantii-EGOgrafii-a-196x300.jpg\" alt=\"Sectantii-EGOgrafii-a-196x300\" width=\"98\" height=\"150\" \/><\/a> Invit\u00e9 sp\u00e9cial de Roumanie pour la pr\u00e9sentation en fran\u00e7ais et en roumain de ses livres:<\/p>\n<p>&#8220;N\u00e9 en URSS&#8221; &amp; &#8220;SECTAN\u021aII &#8211; Mic\u0103 trilogie a marginalilor&#8221;.<\/p>\n<p><strong>Conf\u00e9rence \u2013 d\u00e9bat\u00a0:<\/strong>\u00a0&#8220;L\u2019exp\u00e9rience quotidienne d\u2019un marginal n\u00e9e en URSS&#8221;<\/p>\n<p>Mod\u00e9rateurs Octavian BLAGA, Andrei CORESCU &amp; Anita N. BERNACCHIA.<\/p>\n<\/div>\n<h1>Vendredi 25 septembre : Soir\u00e9e musicale grecque<\/h1>\n<div class=\"enf-event\">\n<h2>20h 00 Concert de musique grecque<\/h2>\n<p align=\"RIGHT\"><a href=\"http:\/\/www.europanovafestival.eu\/wp-content\/uploads\/2015\/06\/asimina-yannis.jpg\" class=\"light\"><img loading=\"lazy\" decoding=\"async\" class=\"alignleft wp-image-819\" src=\"http:\/\/www.europanovafestival.eu\/wp-content\/uploads\/2015\/06\/asimina-yannis-300x193.jpg\" alt=\"asimina-yannis\" width=\"250\" height=\"161\" srcset=\"https:\/\/www.europanovafestival.eu\/wp-content\/uploads\/2015\/06\/asimina-yannis-300x193.jpg 300w, https:\/\/www.europanovafestival.eu\/wp-content\/uploads\/2015\/06\/asimina-yannis-465x300.jpg 465w, https:\/\/www.europanovafestival.eu\/wp-content\/uploads\/2015\/06\/asimina-yannis.jpg 520w\" sizes=\"auto, (max-width: 250px) 100vw, 250px\" \/><\/a>EuropaNova asbl,<br \/>\nClos du Parnasse 11E, 1050 Bruxelles.<br \/>\nEntr\u00e9e 7,00 euros (ou abonnement)<br \/>\nR\u00e9servation souhait\u00e9e via info@europanova.be<\/p>\n<p>Le duo Asimina KARAMPEROPOULOU (voix) &amp; Yiannis EFSTATHOPOULOS (guitare) interpr\u00e9tera des chansons traditionnelles, du rembetiko, du la\u00efk\u00f3 et aussi des chansons contemporaines sur le th\u00e8me de la migration.<\/p>\n<\/div>\n<h1>Samedi 26 septembre : Journ\u00e9e Europ\u00e9enne des Langues<\/h1>\n<div class=\"enf-event\">\n<h2>14h 00 Les jeunes pour une Europe plurilingue<\/h2>\n<p>EuropaNova asbl,<br \/>\nClos du Parnasse 11E, 1050 Bruxelles.<br \/>\nEntr\u00e9e libre<\/p>\n<p><a href=\"http:\/\/www.europanovafestival.eu\/wp-content\/uploads\/2015\/06\/ccfb.jpg\" class=\"light\"><img loading=\"lazy\" decoding=\"async\" class=\"alignright wp-image-876\" src=\"http:\/\/www.europanovafestival.eu\/wp-content\/uploads\/2015\/06\/ccfb.jpg\" alt=\"ccfb\" width=\"250\" height=\"188\" \/><\/a>La sixi\u00e8me \u00e9dition du Centre francophone international organis\u00e9 par le Centre Culturel Francophone Buz\u0103u s\u2019est d\u00e9roul\u00e9e \u00e0 Sarata Monteoru du 28 juin au 18 juillet 2015, avec 222 de participants de 11 pays de 3 continents. Le but du stage a \u00e9t\u00e9 la promotion de la diversit\u00e9 culturelle ainsi que du volontariat pour la communaut\u00e9 et pour le patrimoine culturel roumain par l\u2019interm\u00e9diaire de la langue fran\u00e7aise. Sous la direction du prof. Monalisa Ple\u0219a, pr\u00e9sidente du CCFB.<\/p>\n<p>Projet cofinanc\u00e9 par le Gouvernement Roumain &#8211; le Secr\u00e9tariat G\u00e9n\u00e9ral du Gouvernement, la Direction des Strat\u00e9gies Gouvernementales.<\/p>\n<\/div>\n<div class=\"enf-event\">\n<h2>17h 30 \u2013 21h Les dialogues RomBel<\/h2>\n<p><a href=\"http:\/\/www.rombel.com\/evenimente\/\"><img loading=\"lazy\" decoding=\"async\" width=\"300\" height=\"136\" class=\"alignleft wp-image-741\" src=\"http:\/\/www.europanovafestival.eu\/wp-content\/uploads\/2015\/06\/Dialogurile-Rombel-300x136.jpg\" class=\"light\" srcset=\"https:\/\/www.europanovafestival.eu\/wp-content\/uploads\/2015\/06\/Dialogurile-Rombel-300x136.jpg 300w, https:\/\/www.europanovafestival.eu\/wp-content\/uploads\/2015\/06\/Dialogurile-Rombel-1024x464.jpg 1024w, https:\/\/www.europanovafestival.eu\/wp-content\/uploads\/2015\/06\/Dialogurile-Rombel-500x226.jpg 500w, https:\/\/www.europanovafestival.eu\/wp-content\/uploads\/2015\/06\/Dialogurile-Rombel.jpg 2048w\" sizes=\"auto, (max-width: 300px) 100vw, 300px\" \/><\/a>Institut Libre Marie Haps,<br \/>\nAmphith\u00e9\u00e2tre A14.01,<br \/>\nRue d&#8217;Arlon 14, 1050 Bruxelles.<br \/>\nEntr\u00e9e libre<\/p>\n<p>Mod\u00e9rateurs Dorin FLE\u0218ERIU, Cornel RADU-LOGHIN &amp; Octavian BLAGA.<\/p>\n<p>Lancement du livre de Selena LUMINI\u021aA ARDELEAN &#8220;Via\u021ba in belj&#8221; &#8211; mod\u00e9ratrice Codru\u021ba FILIP. En pr\u00e9sence de l&#8217;auteur.<\/p>\n<p>Pr\u00e9sentation de l&#8217;art et de la vie du sculpteur Marian SAVA, par Dorin FLE\u0218ERIU et Cornel RADU-LOGHIN<\/p>\n<p>Projection du film \u00ab\u00a0Doar cu buletinul la Paris\u00a0\u00bb (&#8220;Paris&#8230;juste avec la carte d&#8217;identit\u00e9&#8221;) en pr\u00e9sence de l\u2019acteur et eurod\u00e9put\u00e9 roumain Mircea DIACONU et du r\u00e9alisateur \u0218erban MARINESCU, suivi d&#8217;un d\u00e9bat avec le public.<\/p>\n<\/div>\n<h1>Dimanche 27 septembre &#8211; T\u00e6sting Europe<\/h1>\n<div class=\"enf-event\">\n<h2>17h 00 &#8211; 22h 00 Imigration et Int\u00e9gration Europ\u00e9enne<\/h2>\n<p align=\"RIGHT\">Gemeenschapscentrum Elzenhof,<br \/>\navenue de la Couronne 12, 1050 Bruxelles.<br \/>\nEntr\u00e9e libre<\/p>\n<p>Conf\u00e9rences et r\u00e9citals<\/p>\n<p>Pr\u00e9sentation \u2013 d\u00e9bat (FR)\u00a0: l&#8217;e-book du Projet Ulysse&#8217;s Gaze (<a title=\"Ulysse's gaze\" href=\"http:\/\/www.ulysses-project.eu\">www.ulysses-project.eu<\/a>): \u00e9tude sur l&#8217;immigration intra-europ\u00e9enne effectu\u00e9e par 5 associations dans diff\u00e9rents pays de l&#8217;UE (Belgique, Gr\u00e8ce, Pays-bas, Pologne et Roumanie).<br \/>\nPr\u00e9sentation par Ioana BELU, pr\u00e9sidente d&#8217;EuropaNova asbl.<\/p>\n<p>Pr\u00e9sentation &#8211; d\u00e9bat (EN): &#8220;People on the move &#8211; a fact of life&#8221; avec M. Valentin POPONETE, sociologue.<\/p>\n<p>Lectures litt\u00e9raires (FR)\u00a0: Tatiana BENCHEA, \u00e9crivain, po\u00e8te et th\u00e9rapeute\u00a0partage, en interaction avec le public, des extraits de son livre \u00ab\u00a0L\u2019arbre voyageur\u00a0\u00bb; le po\u00e8te Andrei CORESCU vous emm\u00e8ne en \u00ab\u00a0Voyage dans les Pays du Prince Trouv\u00e8re\u00a0\u00bb en compagnie de son confr\u00e8re, l\u2019\u00e9crivain Ga\u00ebtan FAUCER.<\/p>\n<p>Projection de films est-europ\u00e9ens sur le th\u00e8me de la migration (sous-titr\u00e9s en EN)\u00a0: \u00ab Morgen \u00bb (Roumanie)\u00a0; \u00ab Cirkus Columbia \u00bb (Bosnie)\u00a0; \u00ab The Italian \u00bb (Russie).<\/p>\n<p><a href=\"http:\/\/www.europanovafestival.eu\/wp-content\/uploads\/2015\/06\/taesting-eu.jpg\" class=\"light\"><img loading=\"lazy\" decoding=\"async\" class=\"alignright wp-image-822 size-medium\" src=\"http:\/\/www.europanovafestival.eu\/wp-content\/uploads\/2015\/06\/taesting-eu-215x300.jpg\" alt=\"taesting-eu\" width=\"215\" height=\"300\" srcset=\"https:\/\/www.europanovafestival.eu\/wp-content\/uploads\/2015\/06\/taesting-eu-215x300.jpg 215w, https:\/\/www.europanovafestival.eu\/wp-content\/uploads\/2015\/06\/taesting-eu.jpg 400w\" sizes=\"auto, (max-width: 215px) 100vw, 215px\" \/><\/a>Ces diff\u00e9rentes activit\u00e9s r\u00e9alis\u00e9es par EuropaNova s&#8217;int\u00e8grent au sein de &#8220;T\u00e6sting Europe&#8221;, un \u00e9v\u00e9nement gastronomique, musical, litt\u00e9raire, th\u00e9\u00e2tral et d&#8217;\u00e9change interculturel:<\/p>\n<p>&#8211; un Chef pr\u00e9parera un plat sur base des ingr\u00e9dients apport\u00e9s par les visiteurs<br \/>\n&#8211; un DJ s&#8217;occupera de l&#8217;ambiance musicale modul\u00e9e selon l&#8217;avanc\u00e9e de la soir\u00e9e<br \/>\n&#8211; une troupe th\u00e9\u00e2trale se produira en interaction avec les visiteurs<\/p>\n<p>organis\u00e9 avec le support de la Commune d&#8217;Ixelles<\/p>\n<\/div>\n<h1>Lundi 28 septembre &#8211; Soir\u00e9e de danses croates<\/h1>\n<div class=\"enf-event\">\n<h2>19h00 Spectacle de danses croates avec l\u2019ensemble Croatia Folk Dancing (groupe d\u2019enfants)<\/h2>\n<p>EuropaNova asbl,<br \/>\nClos du Parnasse 11E, 1050 Bruxelles.<br \/>\nEntr\u00e9e libre<\/p>\n<p>Pr\u00e9sentation du Centre Culturel Croate et de son agenda 2015-2016 en pr\u00e9sence de S.E. M. Mario NOBILO et de Mme Lada MURAJ, de l\u2019Ambassade de Croatie.<br \/>\nCocktail offert par l&#8217;Ambassade de Croatie.<\/p>\n<p>Cl\u00f4ture du Festival EuropaNova 2015 &#8211; verre de l&#8217;amiti\u00e9.<\/p>\n<\/div>\n<p>Project Manager du Festival 2015: Mirela NI\u021aA SANDU, vice-pr\u00e9sidente de EuropaNova asbl.<\/p>\n","protected":false},"excerpt":{"rendered":"<p>Mercredi 23 septembre \u2013 Soir\u00e9e d\u2019ouverture du Festival<\/p>\n<p>18h 30 Ouverture du Festival<\/p>\n<p align=\"RIGHT\">EuropaNova asbl,<br \/>\nClos du Parnasse 11E, 1050 Bruxelles.<br \/>\nEntr\u00e9e libre<\/p>\n<p>En &#8230;<\/p>\n","protected":false},"author":1,"featured_media":0,"parent":0,"menu_order":0,"comment_status":"open","ping_status":"open","template":"","meta":{"footnotes":""},"class_list":["post-1483","page","type-page","status-publish","hentry","odd"],"yoast_head":"<!-- This site is optimized with the Yoast SEO plugin v27.5 - https:\/\/yoast.com\/product\/yoast-seo-wordpress\/ -->\n<title>Programul 2015 - EuropaNova Festival<\/title>\n<meta name=\"robots\" content=\"index, follow, max-snippet:-1, max-image-preview:large, max-video-preview:-1\" \/>\n<link rel=\"canonical\" href=\"https:\/\/www.europanovafestival.eu\/ro\/programul-2015\/\" \/>\n<meta property=\"og:locale\" content=\"ro_RO\" \/>\n<meta property=\"og:type\" content=\"article\" \/>\n<meta property=\"og:title\" content=\"Programul 2015 - EuropaNova Festival\" \/>\n<meta property=\"og:description\" content=\"Mercredi 23 septembre \u2013 Soir\u00e9e d\u2019ouverture du Festival 18h 30 Ouverture du Festival EuropaNova asbl, Clos du Parnasse 11E, 1050 Bruxelles. Entr\u00e9e libre En ...\" \/>\n<meta property=\"og:url\" content=\"https:\/\/www.europanovafestival.eu\/ro\/programul-2015\/\" \/>\n<meta property=\"og:site_name\" content=\"EuropaNova Festival\" \/>\n<meta property=\"article:publisher\" content=\"https:\/\/www.facebook.com\/EuropaNovaBruxelles\" \/>\n<meta property=\"article:modified_time\" content=\"2017-09-01T13:07:53+00:00\" \/>\n<meta property=\"og:image\" content=\"http:\/\/www.europanovafestival.eu\/wp-content\/uploads\/2015\/06\/c16a39323b6a282a70a0720cba5cb2111902ea71-228x300.jpg\" \/>\n<meta name=\"twitter:card\" content=\"summary_large_image\" \/>\n<meta name=\"twitter:label1\" content=\"Timp estimat pentru citire\" \/>\n\t<meta name=\"twitter:data1\" content=\"5 minutes\" \/>\n<script type=\"application\/ld+json\" class=\"yoast-schema-graph\">{\"@context\":\"https:\\\/\\\/schema.org\",\"@graph\":[{\"@type\":\"WebPage\",\"@id\":\"https:\\\/\\\/www.europanovafestival.eu\\\/ro\\\/programul-2015\\\/\",\"url\":\"https:\\\/\\\/www.europanovafestival.eu\\\/ro\\\/programul-2015\\\/\",\"name\":\"Programul 2015 - EuropaNova Festival\",\"isPartOf\":{\"@id\":\"https:\\\/\\\/www.europanovafestival.eu\\\/ro\\\/#website\"},\"primaryImageOfPage\":{\"@id\":\"https:\\\/\\\/www.europanovafestival.eu\\\/ro\\\/programul-2015\\\/#primaryimage\"},\"image\":{\"@id\":\"https:\\\/\\\/www.europanovafestival.eu\\\/ro\\\/programul-2015\\\/#primaryimage\"},\"thumbnailUrl\":\"http:\\\/\\\/www.europanovafestival.eu\\\/wp-content\\\/uploads\\\/2015\\\/06\\\/c16a39323b6a282a70a0720cba5cb2111902ea71-228x300.jpg\",\"datePublished\":\"2015-06-26T13:06:34+00:00\",\"dateModified\":\"2017-09-01T13:07:53+00:00\",\"breadcrumb\":{\"@id\":\"https:\\\/\\\/www.europanovafestival.eu\\\/ro\\\/programul-2015\\\/#breadcrumb\"},\"inLanguage\":\"ro-RO\",\"potentialAction\":[{\"@type\":\"ReadAction\",\"target\":[\"https:\\\/\\\/www.europanovafestival.eu\\\/ro\\\/programul-2015\\\/\"]}]},{\"@type\":\"ImageObject\",\"inLanguage\":\"ro-RO\",\"@id\":\"https:\\\/\\\/www.europanovafestival.eu\\\/ro\\\/programul-2015\\\/#primaryimage\",\"url\":\"http:\\\/\\\/www.europanovafestival.eu\\\/wp-content\\\/uploads\\\/2015\\\/06\\\/c16a39323b6a282a70a0720cba5cb2111902ea71-228x300.jpg\",\"contentUrl\":\"http:\\\/\\\/www.europanovafestival.eu\\\/wp-content\\\/uploads\\\/2015\\\/06\\\/c16a39323b6a282a70a0720cba5cb2111902ea71-228x300.jpg\"},{\"@type\":\"BreadcrumbList\",\"@id\":\"https:\\\/\\\/www.europanovafestival.eu\\\/ro\\\/programul-2015\\\/#breadcrumb\",\"itemListElement\":[{\"@type\":\"ListItem\",\"position\":1,\"name\":\"Accueil\",\"item\":\"https:\\\/\\\/www.europanovafestival.eu\\\/ro\\\/\"},{\"@type\":\"ListItem\",\"position\":2,\"name\":\"Programul 2015\"}]},{\"@type\":\"WebSite\",\"@id\":\"https:\\\/\\\/www.europanovafestival.eu\\\/ro\\\/#website\",\"url\":\"https:\\\/\\\/www.europanovafestival.eu\\\/ro\\\/\",\"name\":\"EuropaNova Festival\",\"description\":\"Terres Mytiques - Cultures de l'Europe de l'est\",\"potentialAction\":[{\"@type\":\"SearchAction\",\"target\":{\"@type\":\"EntryPoint\",\"urlTemplate\":\"https:\\\/\\\/www.europanovafestival.eu\\\/ro\\\/?s={search_term_string}\"},\"query-input\":{\"@type\":\"PropertyValueSpecification\",\"valueRequired\":true,\"valueName\":\"search_term_string\"}}],\"inLanguage\":\"ro-RO\"}]}<\/script>\n<!-- \/ Yoast SEO plugin. -->","yoast_head_json":{"title":"Programul 2015 - EuropaNova Festival","robots":{"index":"index","follow":"follow","max-snippet":"max-snippet:-1","max-image-preview":"max-image-preview:large","max-video-preview":"max-video-preview:-1"},"canonical":"https:\/\/www.europanovafestival.eu\/ro\/programul-2015\/","og_locale":"ro_RO","og_type":"article","og_title":"Programul 2015 - EuropaNova Festival","og_description":"Mercredi 23 septembre \u2013 Soir\u00e9e d\u2019ouverture du Festival 18h 30 Ouverture du Festival EuropaNova asbl, Clos du Parnasse 11E, 1050 Bruxelles. Entr\u00e9e libre En ...","og_url":"https:\/\/www.europanovafestival.eu\/ro\/programul-2015\/","og_site_name":"EuropaNova Festival","article_publisher":"https:\/\/www.facebook.com\/EuropaNovaBruxelles","article_modified_time":"2017-09-01T13:07:53+00:00","og_image":[{"url":"http:\/\/www.europanovafestival.eu\/wp-content\/uploads\/2015\/06\/c16a39323b6a282a70a0720cba5cb2111902ea71-228x300.jpg","type":"","width":"","height":""}],"twitter_card":"summary_large_image","twitter_misc":{"Timp estimat pentru citire":"5 minutes"},"schema":{"@context":"https:\/\/schema.org","@graph":[{"@type":"WebPage","@id":"https:\/\/www.europanovafestival.eu\/ro\/programul-2015\/","url":"https:\/\/www.europanovafestival.eu\/ro\/programul-2015\/","name":"Programul 2015 - EuropaNova Festival","isPartOf":{"@id":"https:\/\/www.europanovafestival.eu\/ro\/#website"},"primaryImageOfPage":{"@id":"https:\/\/www.europanovafestival.eu\/ro\/programul-2015\/#primaryimage"},"image":{"@id":"https:\/\/www.europanovafestival.eu\/ro\/programul-2015\/#primaryimage"},"thumbnailUrl":"http:\/\/www.europanovafestival.eu\/wp-content\/uploads\/2015\/06\/c16a39323b6a282a70a0720cba5cb2111902ea71-228x300.jpg","datePublished":"2015-06-26T13:06:34+00:00","dateModified":"2017-09-01T13:07:53+00:00","breadcrumb":{"@id":"https:\/\/www.europanovafestival.eu\/ro\/programul-2015\/#breadcrumb"},"inLanguage":"ro-RO","potentialAction":[{"@type":"ReadAction","target":["https:\/\/www.europanovafestival.eu\/ro\/programul-2015\/"]}]},{"@type":"ImageObject","inLanguage":"ro-RO","@id":"https:\/\/www.europanovafestival.eu\/ro\/programul-2015\/#primaryimage","url":"http:\/\/www.europanovafestival.eu\/wp-content\/uploads\/2015\/06\/c16a39323b6a282a70a0720cba5cb2111902ea71-228x300.jpg","contentUrl":"http:\/\/www.europanovafestival.eu\/wp-content\/uploads\/2015\/06\/c16a39323b6a282a70a0720cba5cb2111902ea71-228x300.jpg"},{"@type":"BreadcrumbList","@id":"https:\/\/www.europanovafestival.eu\/ro\/programul-2015\/#breadcrumb","itemListElement":[{"@type":"ListItem","position":1,"name":"Accueil","item":"https:\/\/www.europanovafestival.eu\/ro\/"},{"@type":"ListItem","position":2,"name":"Programul 2015"}]},{"@type":"WebSite","@id":"https:\/\/www.europanovafestival.eu\/ro\/#website","url":"https:\/\/www.europanovafestival.eu\/ro\/","name":"EuropaNova Festival","description":"Terres Mytiques - Cultures de l'Europe de l'est","potentialAction":[{"@type":"SearchAction","target":{"@type":"EntryPoint","urlTemplate":"https:\/\/www.europanovafestival.eu\/ro\/?s={search_term_string}"},"query-input":{"@type":"PropertyValueSpecification","valueRequired":true,"valueName":"search_term_string"}}],"inLanguage":"ro-RO"}]}},"_links":{"self":[{"href":"https:\/\/www.europanovafestival.eu\/ro\/wp-json\/wp\/v2\/pages\/1483","targetHints":{"allow":["GET"]}}],"collection":[{"href":"https:\/\/www.europanovafestival.eu\/ro\/wp-json\/wp\/v2\/pages"}],"about":[{"href":"https:\/\/www.europanovafestival.eu\/ro\/wp-json\/wp\/v2\/types\/page"}],"author":[{"embeddable":true,"href":"https:\/\/www.europanovafestival.eu\/ro\/wp-json\/wp\/v2\/users\/1"}],"replies":[{"embeddable":true,"href":"https:\/\/www.europanovafestival.eu\/ro\/wp-json\/wp\/v2\/comments?post=1483"}],"version-history":[{"count":1,"href":"https:\/\/www.europanovafestival.eu\/ro\/wp-json\/wp\/v2\/pages\/1483\/revisions"}],"predecessor-version":[{"id":1484,"href":"https:\/\/www.europanovafestival.eu\/ro\/wp-json\/wp\/v2\/pages\/1483\/revisions\/1484"}],"wp:attachment":[{"href":"https:\/\/www.europanovafestival.eu\/ro\/wp-json\/wp\/v2\/media?parent=1483"}],"curies":[{"name":"wp","href":"https:\/\/api.w.org\/{rel}","templated":true}]}}