{"id":396,"date":"2014-07-04T17:07:41","date_gmt":"2014-07-04T15:07:41","guid":{"rendered":"http:\/\/www.europanovafestival.eu\/?page_id=396"},"modified":"2014-07-04T22:48:27","modified_gmt":"2014-07-04T20:48:27","slug":"festivalul-2013","status":"publish","type":"page","link":"https:\/\/www.europanovafestival.eu\/ro\/festivalul-2013\/","title":{"rendered":"Festivalul 2013"},"content":{"rendered":"<div id=\"trailer\"><center><iframe loading=\"lazy\" src=\"\/\/www.youtube.com\/embed\/a48HPCfRdsA?feature=player_detailpage&amp;autoplay=1&amp;showinfo=0&amp;rel=0&amp;loop=1&amp;playlist=a48HPCfRdsA\" width=\"640\" height=\"360\" frameborder=\"0\" allowfullscreen=\"allowfullscreen\"><\/iframe><\/center><\/div>\n<p>Festivalul EuropaNova este un festival dedicat limbilor, \u015fi culturilor din Europa central\u0103, oriental\u0103 \u015fi balcanic\u0103, marc\u00e2nd <a title=\"Ziua Europene a Limbilor\" href=\"http:\/\/edl.ecml.at\/Home\/tabid\/1455\/language\/ro-RO\/Default.aspx\"><strong>Ziua European\u0103 a Limbilor<\/strong><\/a> (26 septembrie). Prima edi\u0163ie a acestui Festival se va desf\u0103\u015fura \u00een perioada 23 &#8211; 29 septembrie 2013 \u015fi va fi dedicat\u0103 limbii, culturii \u015fi spiritualit\u0103\u0163ii rom\u00e2ne\u015fti.<\/p>\n<p>Necesitatea promov\u0103rii actelor culturale rom\u00e2ne\u015fti \u00een spa\u0163iul european, nevoia de reprezentare a persona-lit\u0103\u0163ilor \u015fi organiza\u0163iilor care activeaz\u0103 \u00een sfera culturii \u00een Rom\u00e2nia \u015fi Moldova, solicit\u0103rile publicului \u2013 toate aceste aspecte stau \u00een aten\u0163ia organizatorilor.<\/p>\n<p>Inten\u0163ia Festivalului este de a acoperi mai multe zone culturale (\u00een sens larg), care s\u0103 reflecte at\u00e2t sincro-nismele, dar \u015fi personan\u0163ele rom\u00e2ne\u015fti, at\u00e2t prin nume reprezentative, c\u00e2t \u015fi prin nume mai pu\u0163in mediatizate, propun\u00e2nd un spirit deschis \u015fi energic.<\/p>\n<p>Prezen\u0163a unor personalit\u0103\u0163i remarcabile din Rom\u00e2nia, Moldova \u015fi Occident (din lumea teatrului, filmului, literaturii, muzicii), activit\u0103\u0163ile interactive propuse (vernisaje, dezbateri, dialoguri cu fotografi, pictori \u015fi regizori de film), seriozitatea parteneriatelor sunt garan\u0163ii ale unui eveniment de impact.<\/p>\n","protected":false},"excerpt":{"rendered":"<p>Festivalul EuropaNova este un festival dedicat limbilor, \u015fi culturilor din Europa central\u0103, oriental\u0103 \u015fi balcanic\u0103, marc\u00e2nd Ziua European\u0103 a Limbilor &#8230;<\/p>\n","protected":false},"author":1,"featured_media":0,"parent":0,"menu_order":0,"comment_status":"open","ping_status":"open","template":"","meta":{"footnotes":""},"class_list":["post-396","page","type-page","status-publish","hentry","odd"],"yoast_head":"<!-- This site is optimized with the Yoast SEO plugin v27.5 - https:\/\/yoast.com\/product\/yoast-seo-wordpress\/ -->\n<title>Festivalul 2013 - EuropaNova Festival<\/title>\n<meta name=\"robots\" content=\"index, follow, max-snippet:-1, max-image-preview:large, max-video-preview:-1\" \/>\n<link rel=\"canonical\" href=\"https:\/\/www.europanovafestival.eu\/ro\/festivalul-2013\/\" \/>\n<meta property=\"og:locale\" content=\"ro_RO\" \/>\n<meta property=\"og:type\" content=\"article\" \/>\n<meta property=\"og:title\" content=\"Festivalul 2013 - EuropaNova Festival\" \/>\n<meta property=\"og:description\" content=\"Festivalul EuropaNova este un festival dedicat limbilor, \u015fi culturilor din Europa central\u0103, oriental\u0103 \u015fi balcanic\u0103, marc\u00e2nd Ziua European\u0103 a Limbilor ...\" \/>\n<meta property=\"og:url\" content=\"https:\/\/www.europanovafestival.eu\/ro\/festivalul-2013\/\" \/>\n<meta property=\"og:site_name\" content=\"EuropaNova Festival\" \/>\n<meta property=\"article:publisher\" content=\"https:\/\/www.facebook.com\/EuropaNovaBruxelles\" \/>\n<meta property=\"article:modified_time\" content=\"2014-07-04T20:48:27+00:00\" \/>\n<meta property=\"og:image\" content=\"https:\/\/www.europanovafestival.eu\/wp-content\/uploads\/2025\/08\/TM2025-RO-seo.jpg\" \/>\n\t<meta property=\"og:image:width\" content=\"1200\" \/>\n\t<meta property=\"og:image:height\" content=\"675\" \/>\n\t<meta property=\"og:image:type\" content=\"image\/jpeg\" \/>\n<meta name=\"twitter:card\" content=\"summary_large_image\" \/>\n<meta name=\"twitter:label1\" content=\"Timp estimat pentru citire\" \/>\n\t<meta name=\"twitter:data1\" content=\"1 minute\" \/>\n<script type=\"application\/ld+json\" class=\"yoast-schema-graph\">{\"@context\":\"https:\\\/\\\/schema.org\",\"@graph\":[{\"@type\":\"WebPage\",\"@id\":\"https:\\\/\\\/www.europanovafestival.eu\\\/ro\\\/festivalul-2013\\\/\",\"url\":\"https:\\\/\\\/www.europanovafestival.eu\\\/ro\\\/festivalul-2013\\\/\",\"name\":\"Festivalul 2013 - EuropaNova Festival\",\"isPartOf\":{\"@id\":\"https:\\\/\\\/www.europanovafestival.eu\\\/ro\\\/#website\"},\"datePublished\":\"2014-07-04T15:07:41+00:00\",\"dateModified\":\"2014-07-04T20:48:27+00:00\",\"breadcrumb\":{\"@id\":\"https:\\\/\\\/www.europanovafestival.eu\\\/ro\\\/festivalul-2013\\\/#breadcrumb\"},\"inLanguage\":\"ro-RO\",\"potentialAction\":[{\"@type\":\"ReadAction\",\"target\":[\"https:\\\/\\\/www.europanovafestival.eu\\\/ro\\\/festivalul-2013\\\/\"]}]},{\"@type\":\"BreadcrumbList\",\"@id\":\"https:\\\/\\\/www.europanovafestival.eu\\\/ro\\\/festivalul-2013\\\/#breadcrumb\",\"itemListElement\":[{\"@type\":\"ListItem\",\"position\":1,\"name\":\"Accueil\",\"item\":\"https:\\\/\\\/www.europanovafestival.eu\\\/ro\\\/\"},{\"@type\":\"ListItem\",\"position\":2,\"name\":\"Festivalul 2013\"}]},{\"@type\":\"WebSite\",\"@id\":\"https:\\\/\\\/www.europanovafestival.eu\\\/ro\\\/#website\",\"url\":\"https:\\\/\\\/www.europanovafestival.eu\\\/ro\\\/\",\"name\":\"EuropaNova Festival\",\"description\":\"Terres Mytiques - Cultures de l'Europe de l'est\",\"potentialAction\":[{\"@type\":\"SearchAction\",\"target\":{\"@type\":\"EntryPoint\",\"urlTemplate\":\"https:\\\/\\\/www.europanovafestival.eu\\\/ro\\\/?s={search_term_string}\"},\"query-input\":{\"@type\":\"PropertyValueSpecification\",\"valueRequired\":true,\"valueName\":\"search_term_string\"}}],\"inLanguage\":\"ro-RO\"}]}<\/script>\n<!-- \/ Yoast SEO plugin. -->","yoast_head_json":{"title":"Festivalul 2013 - EuropaNova Festival","robots":{"index":"index","follow":"follow","max-snippet":"max-snippet:-1","max-image-preview":"max-image-preview:large","max-video-preview":"max-video-preview:-1"},"canonical":"https:\/\/www.europanovafestival.eu\/ro\/festivalul-2013\/","og_locale":"ro_RO","og_type":"article","og_title":"Festivalul 2013 - EuropaNova Festival","og_description":"Festivalul EuropaNova este un festival dedicat limbilor, \u015fi culturilor din Europa central\u0103, oriental\u0103 \u015fi balcanic\u0103, marc\u00e2nd Ziua European\u0103 a Limbilor ...","og_url":"https:\/\/www.europanovafestival.eu\/ro\/festivalul-2013\/","og_site_name":"EuropaNova Festival","article_publisher":"https:\/\/www.facebook.com\/EuropaNovaBruxelles","article_modified_time":"2014-07-04T20:48:27+00:00","og_image":[{"width":1200,"height":675,"url":"https:\/\/www.europanovafestival.eu\/wp-content\/uploads\/2025\/08\/TM2025-RO-seo.jpg","type":"image\/jpeg"}],"twitter_card":"summary_large_image","twitter_misc":{"Timp estimat pentru citire":"1 minute"},"schema":{"@context":"https:\/\/schema.org","@graph":[{"@type":"WebPage","@id":"https:\/\/www.europanovafestival.eu\/ro\/festivalul-2013\/","url":"https:\/\/www.europanovafestival.eu\/ro\/festivalul-2013\/","name":"Festivalul 2013 - EuropaNova Festival","isPartOf":{"@id":"https:\/\/www.europanovafestival.eu\/ro\/#website"},"datePublished":"2014-07-04T15:07:41+00:00","dateModified":"2014-07-04T20:48:27+00:00","breadcrumb":{"@id":"https:\/\/www.europanovafestival.eu\/ro\/festivalul-2013\/#breadcrumb"},"inLanguage":"ro-RO","potentialAction":[{"@type":"ReadAction","target":["https:\/\/www.europanovafestival.eu\/ro\/festivalul-2013\/"]}]},{"@type":"BreadcrumbList","@id":"https:\/\/www.europanovafestival.eu\/ro\/festivalul-2013\/#breadcrumb","itemListElement":[{"@type":"ListItem","position":1,"name":"Accueil","item":"https:\/\/www.europanovafestival.eu\/ro\/"},{"@type":"ListItem","position":2,"name":"Festivalul 2013"}]},{"@type":"WebSite","@id":"https:\/\/www.europanovafestival.eu\/ro\/#website","url":"https:\/\/www.europanovafestival.eu\/ro\/","name":"EuropaNova Festival","description":"Terres Mytiques - Cultures de l'Europe de l'est","potentialAction":[{"@type":"SearchAction","target":{"@type":"EntryPoint","urlTemplate":"https:\/\/www.europanovafestival.eu\/ro\/?s={search_term_string}"},"query-input":{"@type":"PropertyValueSpecification","valueRequired":true,"valueName":"search_term_string"}}],"inLanguage":"ro-RO"}]}},"_links":{"self":[{"href":"https:\/\/www.europanovafestival.eu\/ro\/wp-json\/wp\/v2\/pages\/396","targetHints":{"allow":["GET"]}}],"collection":[{"href":"https:\/\/www.europanovafestival.eu\/ro\/wp-json\/wp\/v2\/pages"}],"about":[{"href":"https:\/\/www.europanovafestival.eu\/ro\/wp-json\/wp\/v2\/types\/page"}],"author":[{"embeddable":true,"href":"https:\/\/www.europanovafestival.eu\/ro\/wp-json\/wp\/v2\/users\/1"}],"replies":[{"embeddable":true,"href":"https:\/\/www.europanovafestival.eu\/ro\/wp-json\/wp\/v2\/comments?post=396"}],"version-history":[{"count":2,"href":"https:\/\/www.europanovafestival.eu\/ro\/wp-json\/wp\/v2\/pages\/396\/revisions"}],"predecessor-version":[{"id":475,"href":"https:\/\/www.europanovafestival.eu\/ro\/wp-json\/wp\/v2\/pages\/396\/revisions\/475"}],"wp:attachment":[{"href":"https:\/\/www.europanovafestival.eu\/ro\/wp-json\/wp\/v2\/media?parent=396"}],"curies":[{"name":"wp","href":"https:\/\/api.w.org\/{rel}","templated":true}]}}